{"id":4,"date":"2010-10-02T16:03:29","date_gmt":"2010-10-02T16:03:29","guid":{"rendered":"http:\/\/helmutgimpel.de\/?page_id=4"},"modified":"2010-11-09T09:27:34","modified_gmt":"2010-11-09T09:27:34","slug":"hintergrund","status":"publish","type":"page","link":"https:\/\/helmutgimpel.de\/?page_id=4","title":{"rendered":"Hintergrund"},"content":{"rendered":"<div style=\"margin-left:-5.5%; font-size:90%\">\n<ul style=\"padding: 0;\">\n<table width=\"100%\" border=\"0\" cellpadding=\"6\" cellspacing=\"6\">\n<tbody align=\"left\"   valign=\"top\" width=\"200\" height=\"75\">\n<tr>\n<td><\/td>\n<td>\n<li> aufgewachsen in der familieneigenen Bauunternehmung<\/li>\n<\/td>\n<\/tr>\n<tr>\n<td><\/td>\n<td>\n<li>einj\u00e4hrige Handelsschule<\/li>\n<\/td>\n<\/tr>\n<tr>\n<td><\/td>\n<td>\n<li>Praktika auf Baustellen, im Gro\u00dfbetrieb und bei einer Beh\u00f6rde<\/li>\n<\/td>\n<\/tr>\n<tr>\n<td><\/td>\n<td>\n<li>Studium des Bauingenieurwesens an der Technischen Universit\u00e4t Braunschweig<\/li>\n<\/td>\n<\/tr>\n<tr>\n<td><\/td>\n<td>\n<li>Diplompr&uuml;fung in den F&auml;chern Grundbau\/Bodenmechanik, Massivbau und Siedlungswasserwirtschaft<\/li>\n<\/td>\n<\/tr>\n<tr>\n<td><\/td>\n<td>\n<li>Konstruktiver Ingenieur von Wohn- und Gesch&auml;ftsh&auml;usern, Industriehallen in Beton- und Spannbetonbauweise in einem Ingenieurb&uuml;ro<\/li>\n<\/td>\n<\/tr>\n<tr>\n<td><\/td>\n<td>\n<li>Bauleitung und Kallkulation im Wohnungsbau und Industriebau in einer gro&szlig;en Bauunternehmung<\/li>\n<\/td>\n<\/tr>\n<tr>\n<td><\/td>\n<td>\n<li>Planung und Ausf&uuml;hrung in Neubau und Instantsetzung\/Sanierung von Wohnungs- und Gewerbebau sowie schl&uuml;sselfertiger Errichtung von Eigentumswohnungen<\/li>\n<\/td>\n<\/tr>\n<tr>\n<td><\/td>\n<td>\n<li>Bau&uuml;berwachung beim Tunnelbau der Deutschen Bahn<\/li>\n<\/td>\n<\/tr>\n<tr>\n<td><\/td>\n<td>\n<li>fortlaufender Besuch von Lehrg&auml;ngen und Seminaren &uuml;ber Bausch&auml;den, Bauphsik, Baukonstruktion, Wertermittlung<\/li>\n<\/td>\n<\/tr>\n<\/tbody>\n<\/table>\n<\/ul>\n<p>\n<\/p>\n<\/div>\n","protected":false},"excerpt":{"rendered":"<p>aufgewachsen in der familieneigenen Bauunternehmung einj\u00e4hrige Handelsschule Praktika auf Baustellen, im Gro\u00dfbetrieb und bei einer Beh\u00f6rde Studium des Bauingenieurwesens an der Technischen Universit\u00e4t Braunschweig Diplompr&uuml;fung in den F&auml;chern Grundbau\/Bodenmechanik, Massivbau und Siedlungswasserwirtschaft Konstruktiver Ingenieur von Wohn- und Gesch&auml;ftsh&auml;usern, Industriehallen in Beton- und Spannbetonbauweise in einem Ingenieurb&uuml;ro Bauleitung und Kallkulation im Wohnungsbau und Industriebau in einer [&hellip;]<\/p>\n","protected":false},"author":1,"featured_media":0,"parent":0,"menu_order":2,"comment_status":"open","ping_status":"closed","template":"","meta":{"footnotes":""},"class_list":["post-4","page","type-page","status-publish","hentry"],"_links":{"self":[{"href":"https:\/\/helmutgimpel.de\/index.php?rest_route=\/wp\/v2\/pages\/4","targetHints":{"allow":["GET"]}}],"collection":[{"href":"https:\/\/helmutgimpel.de\/index.php?rest_route=\/wp\/v2\/pages"}],"about":[{"href":"https:\/\/helmutgimpel.de\/index.php?rest_route=\/wp\/v2\/types\/page"}],"author":[{"embeddable":true,"href":"https:\/\/helmutgimpel.de\/index.php?rest_route=\/wp\/v2\/users\/1"}],"replies":[{"embeddable":true,"href":"https:\/\/helmutgimpel.de\/index.php?rest_route=%2Fwp%2Fv2%2Fcomments&post=4"}],"version-history":[{"count":67,"href":"https:\/\/helmutgimpel.de\/index.php?rest_route=\/wp\/v2\/pages\/4\/revisions"}],"predecessor-version":[{"id":50,"href":"https:\/\/helmutgimpel.de\/index.php?rest_route=\/wp\/v2\/pages\/4\/revisions\/50"}],"wp:attachment":[{"href":"https:\/\/helmutgimpel.de\/index.php?rest_route=%2Fwp%2Fv2%2Fmedia&parent=4"}],"curies":[{"name":"wp","href":"https:\/\/api.w.org\/{rel}","templated":true}]}}