{"id":10,"date":"2010-10-02T16:04:57","date_gmt":"2010-10-02T16:04:57","guid":{"rendered":"http:\/\/helmutgimpel.de\/?page_id=10"},"modified":"2010-11-09T09:34:48","modified_gmt":"2010-11-09T09:34:48","slug":"weblinks","status":"publish","type":"page","link":"https:\/\/helmutgimpel.de\/?page_id=10","title":{"rendered":"Weblinks"},"content":{"rendered":"<p>\n<span style=\"font-size: 105%;\"><\/p>\n<ul style=\"padding: 0;\">\n<li><a href=\"http:\/\/www.hannover.ihk.de\/\" target=\"_blank\">Industrie- und Handelskammer Hannover <\/a><\/span><\/li>\n<p>\t<span style=\"font-size: 105%;\"><\/p>\n<li><a href=\"http:\/\/www.hwk-hildesheim.de\/\" target=\"_blank\">Handwerkskammer Hildesheim <\/a><\/span><\/li>\n<p>\t<span style=\"font-size: 105%;\"><\/p>\n<li><a href=\"http:\/\/www.baumeister-online.de\/\" target=\"_blank\">Bund Deutscher Baumeister<\/a><\/span><\/li>\n<p>\t<span style=\"font-size: 105%;\"><\/p>\n<li><a href=\"http:\/\/www.vbd-ev.de\/\" target=\"_blank\">Verband der Bausachverst\u00e4ndigen Deutschlands<\/a><\/span><\/li>\n<p>       <span style=\"font-size: 105%;\"><\/p>\n<li><a href=\"http:\/\/www.schiedsgericht-bau-bdb.de\/\" target=\"_blank\">Schiedsgericht Bau &#8211; Nordhessen\/ Th\u00fcrigen<\/a><\/span><\/li>\n<p>\t<span style=\"font-size: 105%;\"><\/p>\n<li><a href=\"http:\/\/www.baller-statik.de\/joomla\/\" target=\"_blank\">Ingenieurb\u00fcro f\u00fcr Bauwesen Dipl.-Ing.Baller<\/a><\/span><\/li>\n<\/ul>\n","protected":false},"excerpt":{"rendered":"<p>Industrie- und Handelskammer Hannover Handwerkskammer Hildesheim Bund Deutscher Baumeister Verband der Bausachverst\u00e4ndigen Deutschlands Schiedsgericht Bau &#8211; Nordhessen\/ Th\u00fcrigen Ingenieurb\u00fcro f\u00fcr Bauwesen Dipl.-Ing.Baller<\/p>\n","protected":false},"author":1,"featured_media":0,"parent":0,"menu_order":4,"comment_status":"open","ping_status":"closed","template":"","meta":{"footnotes":""},"class_list":["post-10","page","type-page","status-publish","hentry"],"_links":{"self":[{"href":"https:\/\/helmutgimpel.de\/index.php?rest_route=\/wp\/v2\/pages\/10","targetHints":{"allow":["GET"]}}],"collection":[{"href":"https:\/\/helmutgimpel.de\/index.php?rest_route=\/wp\/v2\/pages"}],"about":[{"href":"https:\/\/helmutgimpel.de\/index.php?rest_route=\/wp\/v2\/types\/page"}],"author":[{"embeddable":true,"href":"https:\/\/helmutgimpel.de\/index.php?rest_route=\/wp\/v2\/users\/1"}],"replies":[{"embeddable":true,"href":"https:\/\/helmutgimpel.de\/index.php?rest_route=%2Fwp%2Fv2%2Fcomments&post=10"}],"version-history":[{"count":62,"href":"https:\/\/helmutgimpel.de\/index.php?rest_route=\/wp\/v2\/pages\/10\/revisions"}],"predecessor-version":[{"id":245,"href":"https:\/\/helmutgimpel.de\/index.php?rest_route=\/wp\/v2\/pages\/10\/revisions\/245"}],"wp:attachment":[{"href":"https:\/\/helmutgimpel.de\/index.php?rest_route=%2Fwp%2Fv2%2Fmedia&parent=10"}],"curies":[{"name":"wp","href":"https:\/\/api.w.org\/{rel}","templated":true}]}}